{"id":258,"date":"2018-09-24T16:39:18","date_gmt":"2018-09-24T20:39:18","guid":{"rendered":"https:\/\/sherakhtar.com\/?page_id=258"},"modified":"2018-09-24T16:39:18","modified_gmt":"2018-09-24T20:39:18","slug":"inicio","status":"publish","type":"page","link":"https:\/\/sherakhtar.com\/es\/","title":{"rendered":"Inicio"},"content":{"rendered":"<h1>Akhtar and Chavez, PLC \u2014 Troy, Michigan Abogados de Inmigraci\u00f3n<\/h1>\n<p>Desde 1987, Akhtar and Chavez, PLC ha ayudado a miles de clientes de todas partes del mundo a que sus familias obtengan visas por su empleo\/relaci\u00f3n familiar, tarjetas de residencia permanente, y la ciudadan\u00eda de los EE. UU. Nuestra oficina est\u00e1 situada en Troy, Michigan en la esquina de Rochester Rd. y South Blvd.<\/p>\n<p>Mientras trabajemos juntos en sus casos, va a poder conocer a nuestro equipo y construir un v\u00ednculo duradero. Nuestro personal habla ingl\u00e9s, Urdu, Espa\u00f1ol, Hind\u00fa, y Punjabi. En la parte de abajo de la p\u00e1gina aprenda m\u00e1s de por qu\u00e9 nuestros clientes nos escogen a nosotros. \u00a1Esperamos trabajar juntos con usted!<\/p>\n<h2>M\u00e1s de 30 A\u00f1os de experiencia para Obtener Resultados M\u00e1s R\u00e1pidos<\/h2>\n<p>Nuestro objetivo es que su caso sea aprobado lo m\u00e1s pronto posible. Con m\u00e1s de 30 a\u00f1os de experiencia, el sistema que establecimos nos permite manejar su caso de manera eficiente. Entendemos lo importante que es para usted que el caso se resuelva lo m\u00e1s pronto posible, ya sea solicitar un miembro de su familia o solicitar una visa de trabajo. No permitimos que su caso se demore innecesariamente y realizamos seguimientos rutinarios con el USCIS y NVC si se encuentran fuera de los tiempos normales de proceso. Nuestro alto porcentaje de \u00e9xito es el resultado de nuestros m\u00e9todos de trabajo de los casos.<\/p>\n<h2>Servicio Econ\u00f3mico a Precios Justos<\/h2>\n<p>Decidimos ser una firma de abogados m\u00e1s peque\u00f1a y especializada, la cual nos permite darle la atenci\u00f3n adecuada a usted y a su caso. A diferencia de la mayor\u00eda de las oficinas de abogados, podemos responder a sus llamadas y correos electr\u00f3nicos sobre su caso de manera oportuna sin costo. Esto se traduce a un gran valor y un ahorro de tiempo y dinero. Mantenemos nuestros precios justos y estamos dispuestos a trabajar con nuestros clientes con planes de pago, a medida que entendamos sus preocupaciones financieras.<\/p>\n<h2>Experiencia Personal de Inmigraci\u00f3n; Contamos con Personal que habla su Lengua Nativa.<\/h2>\n<p>Como nuestras familias tambi\u00e9n son inmigrantes a los Estados Unidos, realmente entendemos lo que significa para usted pasar por el proceso de inmigraci\u00f3n de los EE. UU. Puede ser estresante a veces, pero le ayudaremos a sentirse relajado y seguro ya que es nuestro trabajo consiste en encargarnos de su caso por usted. Nuestro personal tambi\u00e9n habla Urdu, Espa\u00f1ol, Hindu, y Punjabi, si se sintiera m\u00e1s c\u00f3modo hablando en su lengua materna. Desarrollamos v\u00ednculos con nuestros clientes que nos hacen cuidar de usted como personas y de sus necesidades.<\/p>\n<p>Lo invitamos a que obtenga m\u00e1s informaci\u00f3n sobre nuestros abogados y nuestros servicios legales. Cont\u00e1ctenos hoy para programar una consulta sobre su caso.<\/p>\n","protected":false},"excerpt":{"rendered":"<p>Akhtar and Chavez, PLC \u2014 Troy, Michigan Abogados de Inmigraci\u00f3n Desde 1987, Akhtar and Chavez, PLC ha ayudado a miles de clientes de todas partes del mundo a que sus familias obtengan visas por su empleo\/relaci\u00f3n familiar, tarjetas de residencia permanente, y la ciudadan\u00eda de los EE. UU. Nuestra oficina est\u00e1 situada en Troy, Michigan [&hellip;]<\/p>\n","protected":false},"author":1,"featured_media":346,"parent":0,"menu_order":0,"comment_status":"closed","ping_status":"closed","template":"","meta":{"footnotes":""},"yst_prominent_words":[30,16,20,29,24,27,31,17,12,33,26,15,32,18,13,22,28,14,25,19],"class_list":["post-258","page","type-page","status-publish","hentry"],"_links":{"self":[{"href":"https:\/\/sherakhtar.com\/es\/wp-json\/wp\/v2\/pages\/258","targetHints":{"allow":["GET"]}}],"collection":[{"href":"https:\/\/sherakhtar.com\/es\/wp-json\/wp\/v2\/pages"}],"about":[{"href":"https:\/\/sherakhtar.com\/es\/wp-json\/wp\/v2\/types\/page"}],"author":[{"embeddable":true,"href":"https:\/\/sherakhtar.com\/es\/wp-json\/wp\/v2\/users\/1"}],"replies":[{"embeddable":true,"href":"https:\/\/sherakhtar.com\/es\/wp-json\/wp\/v2\/comments?post=258"}],"version-history":[{"count":1,"href":"https:\/\/sherakhtar.com\/es\/wp-json\/wp\/v2\/pages\/258\/revisions"}],"predecessor-version":[{"id":259,"href":"https:\/\/sherakhtar.com\/es\/wp-json\/wp\/v2\/pages\/258\/revisions\/259"}],"wp:featuredmedia":[{"embeddable":true,"href":"https:\/\/sherakhtar.com\/es\/wp-json\/wp\/v2\/media\/346"}],"wp:attachment":[{"href":"https:\/\/sherakhtar.com\/es\/wp-json\/wp\/v2\/media?parent=258"}],"wp:term":[{"taxonomy":"yst_prominent_words","embeddable":true,"href":"https:\/\/sherakhtar.com\/es\/wp-json\/wp\/v2\/yst_prominent_words?post=258"}],"curies":[{"name":"wp","href":"https:\/\/api.w.org\/{rel}","templated":true}]}}